{"id":7,"date":"2015-01-05T18:51:27","date_gmt":"2015-01-05T18:51:27","guid":{"rendered":"https:\/\/aceczechfor.ifer.cz\/?page_id=7"},"modified":"2017-01-16T14:16:44","modified_gmt":"2017-01-16T14:16:44","slug":"press-release","status":"publish","type":"page","link":"https:\/\/aceczechfor.ifer.cz\/?page_id=7","title":{"rendered":"Project partners"},"content":{"rendered":"<table border=\"1\" width=\"100%\" cellspacing=\"2\" cellpadding=\"3\">\n<tbody>\n<tr>\n<th align=\"left\"><strong>Full organization name<\/strong><\/th>\n<th><strong>Abbreviation<\/strong><\/th>\n<th><strong>Contact person<\/strong><\/th>\n<th align=\"left\"><strong>Project function<\/strong><\/th>\n<\/tr>\n<tr>\n<td align=\"left\"><a title=\"www.ifer.cz\" href=\"https:\/\/www.ifer.cz\" target=\"_blank\">IFER &#8211; Institute of Forest Ecosystem Research<\/a><\/td>\n<td align=\"left\"><a title=\"www.ifer.cz\" href=\"https:\/\/www.ifer.cz\" target=\"_blank\">IFER<\/a><\/td>\n<td><a title=\"Emil Cienciala\" href=\"https:\/\/www.researchgate.net\/profile\/Emil_Cienciala\" target=\"_blank\"><strong>Doc. Ing. Emil Cienciala, Ph.D.<\/strong><\/a><\/td>\n<td>Project coordinator<\/td>\n<td><\/td>\n<\/tr>\n<tr>\n<td align=\"left\"><a title=\"\/www.chmi.cz\" href=\"https:\/\/www.chmi.cz\" target=\"_blank\">Czech Hydrometeorological Institute<\/a><\/td>\n<td align=\"left\"><a title=\"www.chmi.cz\" href=\"https:\/\/www.chmi.cz\" target=\"_blank\">CHMI<\/a><\/td>\n<td><a title=\"Iva Hunova\" href=\"https:\/\/www.researchgate.net\/profile\/Iva_Hunova\" target=\"_blank\"><strong>Doc. RNDr. Iva H\u016fnov\u00e1, CSc.<\/strong><\/a><\/td>\n<td>Project partner<\/td>\n<td><\/td>\n<\/tr>\n<tr>\n<td align=\"left\"><a title=\"www.jcu.cz\" href=\"https:\/\/www.jcu.cz\/\" target=\"_blank\">University of South Bohemia<\/a><\/td>\n<td align=\"left\"><a title=\"www.jcu.cz\" href=\"https:\/\/www.jcu.cz\" target=\"_blank\">FS USB<\/a><\/td>\n<td><a title=\"Jiri Santrucek\" href=\"https:\/\/www.researchgate.net\/profile\/Jiri_Santrucek\" target=\"_blank\"><strong>Prof. Ing. Ji\u0159\u00ed \u0160antr\u016f\u010dek, CSc.<\/strong><\/a><\/td>\n<td>Project partner<\/td>\n<td><\/td>\n<\/tr>\n<tr>\n<td align=\"left\"><a title=\"www.ibot.cas.cz\" href=\"https:\/\/www.ibot.cas.cz\/\" target=\"_blank\">Department of Ecology, Institute of Botany ASCR<\/a><\/td>\n<td align=\"left\"><a title=\"www.ibot.cas.cz\" href=\"https:\/\/www.ibot.cas.cz\/\" target=\"_blank\">DE IB<\/a><\/td>\n<td><strong><a title=\"Jan Altman\" href=\"https:\/\/www.researchgate.net\/profile\/Jan_Altman\" target=\"_blank\">Mgr. Jan Altman, Ph.D.<\/a><\/strong><\/td>\n<td>Project partner<\/td>\n<td><\/td>\n<\/tr>\n<tr>\n<td align=\"left\"><a title=\"www.czechglobe.cz\" href=\"https:\/\/www.czechglobe.cz\" target=\"_blank\">Global Change Research Centre<\/a><\/td>\n<td align=\"left\"><a title=\"www.czechglobe.cz\" href=\"https:\/\/www.czechglobe.cz\" target=\"_blank\">GCRC<\/a><\/td>\n<td><a title=\"Petr Stepanek\" href=\"https:\/\/www.researchgate.net\/profile\/Petr_Stepanek\" target=\"_blank\"><strong>M.Sc. Petr \u0160t\u011bp\u00e1nek, Ph.D.<\/strong><\/a><\/td>\n<td>Project partner<\/td>\n<td><\/td>\n<\/tr>\n<\/tbody>\n<\/table>\n","protected":false},"excerpt":{"rendered":"<p>Full organization name Abbreviation Contact person Project function IFER &#8211; Institute of Forest Ecosystem Research IFER Doc. Ing. Emil Cienciala, Ph.D. Project coordinator Czech Hydrometeorological Institute CHMI Doc. RNDr. Iva H\u016fnov\u00e1, CSc. Project partner University of South Bohemia FS USB Prof. Ing. Ji\u0159\u00ed \u0160antr\u016f\u010dek, CSc. Project partner Department of Ecology, Institute of Botany ASCR DE [&hellip;]<\/p>\n","protected":false},"author":1,"featured_media":0,"parent":0,"menu_order":20,"comment_status":"closed","ping_status":"closed","template":"","meta":[],"_links":{"self":[{"href":"https:\/\/aceczechfor.ifer.cz\/index.php?rest_route=\/wp\/v2\/pages\/7"}],"collection":[{"href":"https:\/\/aceczechfor.ifer.cz\/index.php?rest_route=\/wp\/v2\/pages"}],"about":[{"href":"https:\/\/aceczechfor.ifer.cz\/index.php?rest_route=\/wp\/v2\/types\/page"}],"author":[{"embeddable":true,"href":"https:\/\/aceczechfor.ifer.cz\/index.php?rest_route=\/wp\/v2\/users\/1"}],"replies":[{"embeddable":true,"href":"https:\/\/aceczechfor.ifer.cz\/index.php?rest_route=%2Fwp%2Fv2%2Fcomments&post=7"}],"version-history":[{"count":10,"href":"https:\/\/aceczechfor.ifer.cz\/index.php?rest_route=\/wp\/v2\/pages\/7\/revisions"}],"predecessor-version":[{"id":125,"href":"https:\/\/aceczechfor.ifer.cz\/index.php?rest_route=\/wp\/v2\/pages\/7\/revisions\/125"}],"wp:attachment":[{"href":"https:\/\/aceczechfor.ifer.cz\/index.php?rest_route=%2Fwp%2Fv2%2Fmedia&parent=7"}],"curies":[{"name":"wp","href":"https:\/\/api.w.org\/{rel}","templated":true}]}}