{"id":166,"date":"2017-01-31T12:34:05","date_gmt":"2017-01-31T12:34:05","guid":{"rendered":"https:\/\/aceczechfor.ifer.cz\/?page_id=166"},"modified":"2017-01-31T12:34:05","modified_gmt":"2017-01-31T12:34:05","slug":"cerny-et-al-2015","status":"publish","type":"page","link":"https:\/\/aceczechfor.ifer.cz\/?page_id=166","title":{"rendered":"\u010cern\u00fd et al. 2015"},"content":{"rendered":"<p><em>\u010cern\u00fd M, Cienciala E, Zatloukal V (2015): Inventarizace krajiny CzechTerra. Co ukazuje opakovan\u00e9 \u0161et\u0159en\u00ed z let 2008\/2009 a 2014\/2015? Lesnick\u00e1 pr\u00e1ce, 10: 14\u201316.<\/em><\/p>\n<p>CzechTerra je statistick\u00e1 v\u00fdb\u011brov\u00e1 multizdrojov\u00e1 inventarizace prov\u00e1d\u011bn\u00e1 ve zn\u00e1hodn\u011bn\u00e9 s\u00edti 7 x 7 km zahrnuj\u00edc\u00ed 1599 lokalit statisticky reprezentuj\u00edc\u00edch \u010ceskou republiku. V ka\u017ed\u00e9m bod\u011b t\u00e9to s\u00edt\u011b je z dat leteck\u00e9ho sn\u00edmkov\u00e1n\u00ed metodami rastrov\u00e9 anal\u00fdzy \u0161et\u0159ena \u010dtvercov\u00e1 lokalita o rozloze 22,5 ha. Pokud se ve st\u0159edu lokality vyskytuje stromov\u00e1 vegetace, zakl\u00e1d\u00e1 se v n\u011bm kruhov\u00e1 inventariza\u010dn\u00ed plocha o rozloze 500 m<sup>2<\/sup>. Na n\u00ed je metodami pozemn\u00edho m\u011b\u0159en\u00ed a hodnocen\u00ed z\u00edsk\u00e1v\u00e1n soubor v\u00edce ne\u017e sta charakteristik ekosyst\u00e9mu. Dosud prob\u011bhly dv\u011b opakovan\u00e9 inventarizace, a to v letech 2008\/2009 (d\u00e1le CZT 2009) a 2014\/2015 (CZT 2015). CzechTerra je koncipov\u00e1na jako kontinu\u00e1ln\u00ed inventarizace s ka\u017edoro\u010dn\u00edm \u0161et\u0159en\u00edm prov\u00e1d\u011bn\u00fdm na 20% statistick\u00e9m vzorku ploch a ka\u017edoro\u010dn\u00edm vyhodnocen\u00edm \u00fadaj\u016f za republiku. Poskytuje aktu\u00e1ln\u00ed a v n\u011bkolika ohledech unik\u00e1tn\u00ed informace o stromov\u00e9 vegetaci v krajin\u011b \u010cesk\u00e9 republiky.<\/p>\n","protected":false},"excerpt":{"rendered":"<p>\u010cern\u00fd M, Cienciala E, Zatloukal V (2015): Inventarizace krajiny CzechTerra. Co ukazuje opakovan\u00e9 \u0161et\u0159en\u00ed z let 2008\/2009 a 2014\/2015? Lesnick\u00e1 pr\u00e1ce, 10: 14\u201316. CzechTerra je statistick\u00e1 v\u00fdb\u011brov\u00e1 multizdrojov\u00e1 inventarizace prov\u00e1d\u011bn\u00e1 ve zn\u00e1hodn\u011bn\u00e9 s\u00edti 7 x 7 km zahrnuj\u00edc\u00ed 1599 lokalit statisticky reprezentuj\u00edc\u00edch \u010ceskou republiku. V ka\u017ed\u00e9m bod\u011b t\u00e9to s\u00edt\u011b je z dat leteck\u00e9ho sn\u00edmkov\u00e1n\u00ed metodami [&hellip;]<\/p>\n","protected":false},"author":4,"featured_media":0,"parent":86,"menu_order":0,"comment_status":"closed","ping_status":"closed","template":"","meta":[],"_links":{"self":[{"href":"https:\/\/aceczechfor.ifer.cz\/index.php?rest_route=\/wp\/v2\/pages\/166"}],"collection":[{"href":"https:\/\/aceczechfor.ifer.cz\/index.php?rest_route=\/wp\/v2\/pages"}],"about":[{"href":"https:\/\/aceczechfor.ifer.cz\/index.php?rest_route=\/wp\/v2\/types\/page"}],"author":[{"embeddable":true,"href":"https:\/\/aceczechfor.ifer.cz\/index.php?rest_route=\/wp\/v2\/users\/4"}],"replies":[{"embeddable":true,"href":"https:\/\/aceczechfor.ifer.cz\/index.php?rest_route=%2Fwp%2Fv2%2Fcomments&post=166"}],"version-history":[{"count":2,"href":"https:\/\/aceczechfor.ifer.cz\/index.php?rest_route=\/wp\/v2\/pages\/166\/revisions"}],"predecessor-version":[{"id":168,"href":"https:\/\/aceczechfor.ifer.cz\/index.php?rest_route=\/wp\/v2\/pages\/166\/revisions\/168"}],"up":[{"embeddable":true,"href":"https:\/\/aceczechfor.ifer.cz\/index.php?rest_route=\/wp\/v2\/pages\/86"}],"wp:attachment":[{"href":"https:\/\/aceczechfor.ifer.cz\/index.php?rest_route=%2Fwp%2Fv2%2Fmedia&parent=166"}],"curies":[{"name":"wp","href":"https:\/\/api.w.org\/{rel}","templated":true}]}}