{"id":15,"date":"2015-01-05T19:07:42","date_gmt":"2015-01-05T19:07:42","guid":{"rendered":"https:\/\/aceczechfor.ifer.cz\/?page_id=15"},"modified":"2017-01-16T14:17:05","modified_gmt":"2017-01-16T14:17:05","slug":"tiskove-zpravy","status":"publish","type":"page","link":"https:\/\/aceczechfor.ifer.cz\/?page_id=15","title":{"rendered":"Partne\u0159i projektu"},"content":{"rendered":"<table border=\"1\" width=\"100%\" cellspacing=\"2\" cellpadding=\"3\">\n<tbody>\n<tr>\n<th align=\"left\"><strong>Pln\u00fd n\u00e1zev organizace <\/strong><\/th>\n<th><strong>Zkratka<\/strong><\/th>\n<th><strong>Kontaktn\u00ed osoba<\/strong><\/th>\n<th align=\"left\"><strong>Funkce<\/strong><\/th>\n<\/tr>\n<tr>\n<td align=\"left\"><a title=\"www.ifer.cz\" href=\"https:\/\/www.ifer.cz\" target=\"_blank\">IFER &#8211; \u00dastav pro v\u00fdzkum lesn\u00edch ekosyst\u00e9m\u016f<\/a><\/td>\n<td align=\"left\"><a title=\"www.ifer.cz\" href=\"https:\/\/www.ifer.cz\" target=\"_blank\">IFER<\/a><\/td>\n<td><a title=\"Emil Cienciala\" href=\"https:\/\/www.researchgate.net\/profile\/Emil_Cienciala\" target=\"_blank\"><strong>Doc. Ing. Emil Cienciala, Ph.D.<\/strong><\/a><\/td>\n<td>Koordin\u00e1tor projektu<\/td>\n<td><\/td>\n<\/tr>\n<tr>\n<td align=\"left\"><a title=\"\/www.chmi.cz\" href=\"https:\/\/www.chmi.cz\" target=\"_blank\">\u010cesk\u00fd hydrometeorologick\u00fd \u00fastav<\/a><\/td>\n<td align=\"left\"><a title=\"www.chmi.cz\" href=\"https:\/\/www.chmi.cz\" target=\"_blank\">\u010cHM\u00da<\/a><\/td>\n<td><a title=\"Iva Hunova\" href=\"https:\/\/www.researchgate.net\/profile\/Iva_Hunova\" target=\"_blank\"><strong>Doc. RNDr. Iva H\u016fnov\u00e1, CSc.<\/strong><\/a><\/td>\n<td>Partner projektu<\/td>\n<td><\/td>\n<\/tr>\n<tr>\n<td align=\"left\"><a title=\"www.jcu.cz\" href=\"https:\/\/www.jcu.cz\/\" target=\"_blank\">Jiho\u010desk\u00e1 univerzita v \u010cesk\u00fdch Bud\u011bjovic\u00edch, P\u0159\u00edrodov\u011bdeck\u00e1 fakulta<\/a><\/td>\n<td align=\"left\"><a title=\"www.jcu.cz\" href=\"https:\/\/www.jcu.cz\" target=\"_blank\">PF J\u010cU<\/a><\/td>\n<td><a title=\"Jiri Santrucek\" href=\"https:\/\/www.researchgate.net\/profile\/Jiri_Santrucek\" target=\"_blank\"><strong>Prof. Ing. Ji\u0159\u00ed \u0160antr\u016f\u010dek, CSc.<\/strong><\/a><\/td>\n<td>Partner projektu<\/td>\n<td><\/td>\n<\/tr>\n<tr>\n<td align=\"left\"><a title=\"www.ibot.cas.cz\" href=\"https:\/\/www.ibot.cas.cz\/&quot;\" target=\"_blank\">Botanick\u00fd \u00fastav AV \u010cR, v. v. i.,Odd\u011blen\u00ed funk\u010dn\u00ed ekologie<\/a><\/td>\n<td align=\"left\"><a title=\"www.ibot.cas.cz\" href=\"https:\/\/www.ibot.cas.cz\/\" target=\"_blank\">B\u00da AV \u010cR<\/a><\/td>\n<td><a title=\"Jan Altman\" href=\"https:\/\/www.researchgate.net\/profile\/Jan_Altman\" target=\"_blank\"><strong>Mgr. Jan Altman, Ph.D.<\/strong><\/a><\/td>\n<td>Partner projektu<\/td>\n<td><\/td>\n<\/tr>\n<tr>\n<td align=\"left\"><a title=\"www.czechglobe.cz\" href=\"https:\/\/www.czechglobe.cz\" target=\"_blank\">Centrum v\u00fdzkumu glob\u00e1ln\u00ed zm\u011bny AV \u010cR, v. v. i.<\/a><\/td>\n<td align=\"left\"><a title=\"www.czechglobe.cz\" href=\"https:\/\/www.czechglobe.cz\" target=\"_blank\">CVGZ AV \u010cR<\/a><\/td>\n<td><a title=\"Petr Stepanek\" href=\"https:\/\/www.researchgate.net\/profile\/Petr_Stepanek\" target=\"_blank\"><strong>M.Sc. Petr \u0160t\u011bp\u00e1nek, Ph.D.<\/strong><\/a><\/td>\n<td>Partner projektu<\/td>\n<td><\/td>\n<\/tr>\n<\/tbody>\n<\/table>\n","protected":false},"excerpt":{"rendered":"<p>Pln\u00fd n\u00e1zev organizace Zkratka Kontaktn\u00ed osoba Funkce IFER &#8211; \u00dastav pro v\u00fdzkum lesn\u00edch ekosyst\u00e9m\u016f IFER Doc. Ing. Emil Cienciala, Ph.D. Koordin\u00e1tor projektu \u010cesk\u00fd hydrometeorologick\u00fd \u00fastav \u010cHM\u00da Doc. RNDr. Iva H\u016fnov\u00e1, CSc. Partner projektu Jiho\u010desk\u00e1 univerzita v \u010cesk\u00fdch Bud\u011bjovic\u00edch, P\u0159\u00edrodov\u011bdeck\u00e1 fakulta PF J\u010cU Prof. Ing. Ji\u0159\u00ed \u0160antr\u016f\u010dek, CSc. Partner projektu Botanick\u00fd \u00fastav AV \u010cR, v. v. [&hellip;]<\/p>\n","protected":false},"author":1,"featured_media":0,"parent":0,"menu_order":20,"comment_status":"closed","ping_status":"closed","template":"","meta":[],"_links":{"self":[{"href":"https:\/\/aceczechfor.ifer.cz\/index.php?rest_route=\/wp\/v2\/pages\/15"}],"collection":[{"href":"https:\/\/aceczechfor.ifer.cz\/index.php?rest_route=\/wp\/v2\/pages"}],"about":[{"href":"https:\/\/aceczechfor.ifer.cz\/index.php?rest_route=\/wp\/v2\/types\/page"}],"author":[{"embeddable":true,"href":"https:\/\/aceczechfor.ifer.cz\/index.php?rest_route=\/wp\/v2\/users\/1"}],"replies":[{"embeddable":true,"href":"https:\/\/aceczechfor.ifer.cz\/index.php?rest_route=%2Fwp%2Fv2%2Fcomments&post=15"}],"version-history":[{"count":13,"href":"https:\/\/aceczechfor.ifer.cz\/index.php?rest_route=\/wp\/v2\/pages\/15\/revisions"}],"predecessor-version":[{"id":201,"href":"https:\/\/aceczechfor.ifer.cz\/index.php?rest_route=\/wp\/v2\/pages\/15\/revisions\/201"}],"wp:attachment":[{"href":"https:\/\/aceczechfor.ifer.cz\/index.php?rest_route=%2Fwp%2Fv2%2Fmedia&parent=15"}],"curies":[{"name":"wp","href":"https:\/\/api.w.org\/{rel}","templated":true}]}}