{"id":112,"date":"2017-01-16T10:05:44","date_gmt":"2017-01-16T10:05:44","guid":{"rendered":"https:\/\/aceczechfor.ifer.cz\/?page_id=112"},"modified":"2018-11-08T13:23:14","modified_gmt":"2018-11-08T13:23:14","slug":"hlavni-vystupy-projektu","status":"publish","type":"page","link":"https:\/\/aceczechfor.ifer.cz\/?page_id=112","title":{"rendered":"V\u00fdstupy projektu"},"content":{"rendered":"<p>Do sou\u010dasnosti publikovali \u010dlenov\u00e9 \u0159e\u0161itelsk\u00e9ho kolektivu projektu 19 odborn\u00fdch \u010dl\u00e1nk\u016f (16 v \u010dasopisech s Impact factor), dal\u0161\u00ed \u010dl\u00e1nky jsou moment\u00e1ln\u011b v p\u0159\u00edprav\u011b. V prvn\u00ed \u010d\u00e1sti seznamu publikac\u00ed (viz n\u00ed\u017ee) jsou vyzvednuty \u010dl\u00e1nky, kter\u00e9 se t\u00fdkaj\u00ed kl\u00ed\u010dov\u00fdch t\u00e9mat \u0159e\u0161en\u00fdch v r\u00e1mci projektu. Pro stru\u010dn\u00e9 sezn\u00e1men\u00ed s obsahem \u010dl\u00e1nku (v angli\u010dtin\u011b) klikn\u011bte na jeho n\u00e1zev. Pokud m\u00e1te z\u00e1jem o zasl\u00e1n\u00ed PDF \u010dl\u00e1nku, kontaktujte n\u00e1s na emil.cienciala@ifer.cz<\/p>\n<p><span style=\"text-decoration: underline;\"><strong><span style=\"font-size: large;\">Kl\u00ed\u010dov\u00e9 publikace:<\/span><\/strong><\/span><\/p>\n<ul>\n<li><strong>Inventariza\u010dn\u00ed \u0161et\u0159en\u00ed<br \/>\n<\/strong><\/li>\n<\/ul>\n<p><em>Cienciala E, Russ R, \u0160antr\u016f\u010dkov\u00e1 H, Altman J, Kop\u00e1\u010dek J, H\u016fnov\u00e1 I, \u0160t\u011bp\u00e1nek P, Oulehle F, Tumajer J, Stahl G (2016):<\/em><a title=\"more info\" href=\"https:\/\/aceczechfor.ifer.cz\/?page_id=131\"><em> Discerning environmental factors affecting current tree growth in Central Europe.<\/em><\/a> <em>Science of the Total Environment 573: 541-554<\/em><\/p>\n<ol>\n<ol>\n<ul>\n<li style=\"text-align: left;\"><strong>Dendrochronologick\u00e1 data<br \/>\n<\/strong><\/li>\n<\/ul>\n<\/ol>\n<\/ol>\n<p><em>Altman A., Fibich, P., Santruckova H., Dolezal J., \u0160t\u011bp\u00e1nek P., Kopacek J., Hunova I., Oulehle F.,\u00a0Tumajer J., Cienciala E. (2017):<\/em><a title=\"Altman et al. 2017\" href=\"https:\/\/aceczechfor.ifer.cz\/?page_id=219\"><em> Environmental factors exert strong control over climate-growth relationship of Picea abies in Central Europe. <\/em><\/a><em>Science<\/em><em> of The Total Environment 609: 506-516.<\/em><\/p>\n<p><em>Cienciala E, Altman J, Dole\u017eal J, Kop\u00e1\u010dek J, \u0160t\u011bp\u00e1nek P, St\u00e5hl G, Tumajer J (2018):<\/em><a title=\"Cienciala et al. 2018\" href=\"https:\/\/aceczechfor.ifer.cz\/?page_id=228\"><em> Increased spruce tree growth in Central Europe since 1960s<\/em><\/a><em> Science of The Total Environment 619-620: 1637-1647.<\/em><\/p>\n<p><em>Tumajer J, Altman J, \u0160t\u011bp\u00e1nek P, Treml V, Dole\u017eal J, Cienciala E (2017):<a title=\"Tumajer et al. 2017\" href=\"https:\/\/aceczechfor.ifer.cz\/?page_id=249\"> Increasing moisture limitation of Norway spruce in Central Europe revealed by <\/a>forward<a title=\"Tumajer et al. 2017\" href=\"https:\/\/aceczechfor.ifer.cz\/?page_id=249\"> modelling of tree growth in tree-ring network<\/a>. Agricultural and Forest Meteorology 247: 56-64.<br \/>\n<\/em><\/p>\n<ol>\n<ol>\n<ul>\n<li><strong>Modely depozice dus\u00edku v lesn\u00edch ekosyst\u00e9mech<br \/>\n<\/strong><\/li>\n<\/ul>\n<\/ol>\n<\/ol>\n<p><em>H\u016fnov\u00e1 I., Kurf\u00fcrst P., Str\u00e1n\u00edk V., Modl\u00edk M (2017)\u00a0<\/em><a href=\"https:\/\/aceczechfor.ifer.cz\/?page_id=193\"><em>Nitrogen deposition to forest ecosystems with focus on its different forms.<\/em><\/a> <em>Science of the Total Environment 575, 791\u2013798.<\/em><\/p>\n<p><em>Oulehle, F., Kop\u00e1\u010dek, J., Chuman, T., \u010cernohous, V., H\u016fnov\u00e1, I., Hru\u0161ka, J., Kr\u00e1m, P., Lachmanov\u00e1, Z., Navr\u00e1til, T., \u0160t\u011bp\u00e1nek, P., Tesa\u0159, M, Evans D.C. (2016).<\/em><a href=\"https:\/\/aceczechfor.ifer.cz\/?page_id=177\"><em> Predicting sulphur and nitrogen deposition using a simple statistical method.<\/em><\/a><em> Atmospheric Environment, 2016, 140: 456\u2013468.<\/em><\/p>\n<p>&nbsp;<\/p>\n<p><span style=\"text-decoration: underline;\"><strong><span style=\"font-size: large;\">Dal\u0161\u00ed publikace v \u010dasopisech s IF:<\/span><\/strong><\/span><\/p>\n<p><em>Altman J, Fibich P, Dole\u017eal J, Aakala T (2014)<\/em><a href=\"https:\/\/aceczechfor.ifer.cz\/?page_id=143\"><em> TRADER: A package for Tree Ring Analysis of Disturbance Events in R.<\/em><\/a><em> Dendrochronologia 32: 107-112.<\/em><\/p>\n<p><em>Altman J., Dole\u017eal J. &amp; \u010c\u00ed\u017eek L.\u00a0(2016) Age estimation of large trees: new method based on partial increment core tested on an example of veteran oaks.\u00a0Forest Ecology and Management 380: 82-89<\/em><\/p>\n<p><em>Cienciala E, Tumajer J, Zatloukal V, Beranov\u00e1 J, Hol\u00e1 \u0160, H\u016fnov\u00e1 I, Russ R (2017): Recent spruce decline with biotic pathogen infestation as a result of interacting climate, deposition and soil variables. European Journal of Forest Research 136: 307-317.<br \/>\n<\/em><\/p>\n<p><em>\u010cada V., \u0160antruckov\u00e1 H., \u0160antrucek J., Kubi\u0161tov\u00e1 L., Seedre M., Svoboda M. (2016) Complex physiological response of Norway spruce to atmospheric pollution \u2013 decreased carbon isotope discrimination and unchanged tree biomass increment. Frontiers in Plant Science, 7(51), 805\u00a0<\/em><\/p>\n<p><em>Dole\u017eal J., Lehe\u010dkov\u00e1 E., Sohar K. &amp; Altman J.\u00a0(2016) Oak decline induced by mistletoe, competition and climate change: a case study from central Europe.\u00a0Preslia 88: 323-346<\/em><\/p>\n<p><em>H\u016fnov\u00e1 I., Kurf\u00fcrst P., Vl\u010dek O., Str\u00e1n\u00edk V., Stoklasov\u00e1 P., Schov\u00e1nkov\u00e1 J., Srbov\u00e1 D. (2016) Towards a Better Spatial Quantification of Nitrogen Deposition: A Case Study for Czech\u00a0<\/em><em>Forests.\u00a0Environmental Pollution (2016) 213, 1028\u20131041.<\/em><\/p>\n<p><em>Kop\u00e1\u010dek J., Hejzlar J., Kr\u00e1m P., Oulehle F., Posch M. (2016) Effect of industrial dust on precipitation chemistry in the Czech Republic (Central Europe) from 1850 to 2013.\u00a0Water Research, 103: 30\u201337.<\/em><\/p>\n<p><em>Stepanek, P., Zahradnicek, P., Farda, A., Skalak, P., Trnak, M., Meitner, J, Rajdl, K. (2016) Projection of drought-inducing climate conditions in the Czech Republic according to Euro-CORDEX models. Climate Research, 70,179-193<\/em><\/p>\n<p><em>\u0160antr\u016f\u010dek J, Vr\u00e1blov\u00e1 M, Simkov\u00e1 M, Hronkov\u00e1 M, Drtinov\u00e1 M, Kv\u011bto\u0148 J, Vr\u00e1bl D, Kub\u00e1sek J, Mackov\u00e1 J, Wiesnerov\u00e1 D, Neuwithov\u00e1 J, Schreiber L (2014):<\/em><a href=\"https:\/\/aceczechfor.ifer.cz\/?page_id=158\"><em> Stomatal and pavement cell density linked to leaf internal CO2 concentration.<\/em><\/a><em> Annals of Botany 114: 191-202.<\/em><\/p>\n<p><em>\u0160antr\u016f\u010dek J, Kub\u00e1sek J, Neuwirthov\u00e1 J, \u0161antr\u016f\u010dkov\u00e1 H, Hr\u00e1dkov\u00e1 M, Altman J, Cienciala E (in preparation): Acclimation of intrinsic water use efficiency, Ci\/Ca ratio and stomatal conductance in Norway spruce in response to century-long gradual CO2 elevation.<br \/>\n<\/em><\/p>\n<p><em>Vil\u00e9n, T., Cienciala, E., Schelhaas, M.J., Verkerk, P.J., Lindner, M., Peltola, H. (2016).\u00a0Increasing carbon sinks in European forests: effects of afforestation and changes in mean growing stock volume. Forestry (Oxford) 89: 82-90<\/em><\/p>\n<p>&nbsp;<\/p>\n<p><span style=\"text-decoration: underline;\"><strong><span style=\"font-size: large;\">Dal\u0161\u00ed publikace v \u010dasopisech bez IF:<\/span><\/strong><\/span><\/p>\n<p><em>\u010cern\u00fd M, Cienciala E, Zatloukal V (2015):<\/em><a href=\"https:\/\/aceczechfor.ifer.cz\/?page_id=166\"><em> Inventarizace krajiny CzechTerra. Co ukazuje opakovan\u00e9 \u0161et\u0159en\u00ed z let 2008\/2009 a 2014\/2015?<\/em><\/a><em> Lesnick\u00e1 pr\u00e1ce, 10: 14\u201316.<\/em><\/p>\n<p><em>Cienciala E, \u010dern\u00fd M, Russ V, Zatloukal V (2015): <\/em><a href=\"https:\/\/aceczechfor.ifer.cz\/?page_id=170\">Inventarizace krajiny CzechTerra. Vybran\u00e9 v\u00fdsledky \u0161et\u0159en\u00ed z let 2008\/2009 a 2014\/2015.<\/a><em> Lesnick\u00e1 pr\u00e1ce, 12 pp.<\/em><\/p>\n<p><em>\u0160antr\u016f\u010dkov\u00e1 H., Mal\u00fd S., Cienciala E. (2014) P\u016fdn\u00ed organick\u00e1 hmota a vodn\u00ed reten\u010dn\u00ed kapacita p\u016fd. Povodn\u011b a sucho krajina jako z\u00e1klad \u0159e\u0161en\u00ed.\u00a0Sborn\u00edk p\u0159\u00edsp\u011bvk\u016f ze semin\u00e1\u0159\u016f K\u017dP AV \u010cR. BU AV \u010cR., 2014, s. 41-48<\/em><\/p>\n","protected":false},"excerpt":{"rendered":"<p>Do sou\u010dasnosti publikovali \u010dlenov\u00e9 \u0159e\u0161itelsk\u00e9ho kolektivu projektu 19 odborn\u00fdch \u010dl\u00e1nk\u016f (16 v \u010dasopisech s Impact factor), dal\u0161\u00ed \u010dl\u00e1nky jsou moment\u00e1ln\u011b v p\u0159\u00edprav\u011b. V prvn\u00ed \u010d\u00e1sti seznamu publikac\u00ed (viz n\u00ed\u017ee) jsou vyzvednuty \u010dl\u00e1nky, kter\u00e9 se t\u00fdkaj\u00ed kl\u00ed\u010dov\u00fdch t\u00e9mat \u0159e\u0161en\u00fdch v r\u00e1mci projektu. Pro stru\u010dn\u00e9 sezn\u00e1men\u00ed s obsahem \u010dl\u00e1nku (v angli\u010dtin\u011b) klikn\u011bte na jeho n\u00e1zev. Pokud m\u00e1te [&hellip;]<\/p>\n","protected":false},"author":4,"featured_media":0,"parent":0,"menu_order":40,"comment_status":"closed","ping_status":"closed","template":"","meta":[],"_links":{"self":[{"href":"https:\/\/aceczechfor.ifer.cz\/index.php?rest_route=\/wp\/v2\/pages\/112"}],"collection":[{"href":"https:\/\/aceczechfor.ifer.cz\/index.php?rest_route=\/wp\/v2\/pages"}],"about":[{"href":"https:\/\/aceczechfor.ifer.cz\/index.php?rest_route=\/wp\/v2\/types\/page"}],"author":[{"embeddable":true,"href":"https:\/\/aceczechfor.ifer.cz\/index.php?rest_route=\/wp\/v2\/users\/4"}],"replies":[{"embeddable":true,"href":"https:\/\/aceczechfor.ifer.cz\/index.php?rest_route=%2Fwp%2Fv2%2Fcomments&post=112"}],"version-history":[{"count":7,"href":"https:\/\/aceczechfor.ifer.cz\/index.php?rest_route=\/wp\/v2\/pages\/112\/revisions"}],"predecessor-version":[{"id":265,"href":"https:\/\/aceczechfor.ifer.cz\/index.php?rest_route=\/wp\/v2\/pages\/112\/revisions\/265"}],"wp:attachment":[{"href":"https:\/\/aceczechfor.ifer.cz\/index.php?rest_route=%2Fwp%2Fv2%2Fmedia&parent=112"}],"curies":[{"name":"wp","href":"https:\/\/api.w.org\/{rel}","templated":true}]}}