{"id":11,"date":"2015-01-05T19:06:10","date_gmt":"2015-01-05T19:06:10","guid":{"rendered":"https:\/\/aceczechfor.ifer.cz\/?page_id=11"},"modified":"2021-01-28T12:22:35","modified_gmt":"2021-01-28T12:22:35","slug":"home-2","status":"publish","type":"page","link":"https:\/\/aceczechfor.ifer.cz\/?page_id=11","title":{"rendered":"O projektu"},"content":{"rendered":"<h2>Dopady m\u011bn\u00edc\u00edch se r\u016fstov\u00fdch podm\u00ednek na p\u0159\u00edr\u016fst d\u0159evin, produkci porost\u016f a vitalitu &#8211; nebezpe\u010d\u00ed \u010di p\u0159\u00edle\u017eitost pro st\u0159edoevropsk\u00e9 lesnictv\u00ed?<\/h2>\n<p>Projekt ACECZECHFOR se zab\u00fdval vlivem m\u011bn\u00edc\u00edho se r\u016fstov\u00e9ho prost\u0159ed\u00ed na produkci a vitalitu d\u0159evin rostouc\u00edch v lesn\u00edm prost\u0159ed\u00ed a mimo les. Projekt byl postaven na datech d\u0159evinn\u00e9 slo\u017eky a lesn\u00edch p\u016fd z pilotn\u00ed statistick\u00e9 inventarizace krajiny \u010cesk\u00e9 republiky (2008-2009) a v jeho r\u00e1mci bylo provedeno opakovan\u00e9 \u0161et\u0159en\u00ed stromov\u00e9ho patra dopln\u011bn\u00e9 o dendrochronologii a isotopovou anal\u00fdzu (d13C, d18O). To poskytlo kvantitativn\u00ed \u00fadaje o aktu\u00e1ln\u00edch a ned\u00e1vn\u00fdch zm\u011bn\u00e1ch r\u016fstov\u00fdch, produk\u010dn\u00edch a zdravotn\u00edch indik\u00e1tor\u016f a efektivity vyu\u017eit\u00ed vody d\u0159evinami. Projekt p\u0159inesl \u0159adu kvantitativn\u00edch \u00fadaj\u016f o reakci d\u0159evin vlivem m\u011bn\u00edc\u00edho se prost\u0159ed\u00ed a nov\u00e9 poznatky o konkr\u00e9tn\u00edm p\u0159\u00edsp\u011bvku jednotliv\u00fdch faktor\u016f v r\u00e1mci v\u00fd\u0161kov\u00e9ho gradientu a podm\u00ednek \u010desk\u00e9 krajiny a praktick\u00e9ho lesnictv\u00ed. Na \u0159e\u0161en\u00ed projektu se jako spolu\u0159e\u0161itel\u00e9 pod\u00edlely \u010cesk\u00fd hydrometeorologick\u00fd \u00fastav, Botanick\u00fd \u00fastav AV\u010cR, Jiho\u010desk\u00e1 univerzita v \u010cesk\u00fdch Bud\u011bjovic\u00edch a Centrum v\u00fdzkumu glob\u00e1ln\u00ed zm\u011bny klimatu. C\u00edlem projektu bylo analyzovat a kvantifikovat p\u0159\u00edsp\u011bvek aktu\u00e1ln\u00edch a ned\u00e1vn\u00fdch zm\u011bn r\u016fstov\u00e9ho prost\u0159ed\u00ed na p\u0159\u00edr\u016fst a vitalitu d\u0159evin a porostu, a identifikovat relativn\u00ed p\u0159\u00edsp\u011bvek depozice dus\u00edku, teploty a vl\u00e1hov\u00e9 bilance v r\u00e1mci v\u00fd\u0161kov\u00e9ho gradientu s\u00edt\u011b statistick\u00e9 inventarizace krajiny \u010cR.<\/p>\n<p>Kl\u00ed\u010dov\u00e1 \u010d\u00e1st harmonogramu projektu &#8211; ter\u00e9nn\u00ed \u0161et\u0159en\u00ed na inventariza\u010dn\u00edch ploch\u00e1ch spolu s dendrochronologick\u00fdm vzorkov\u00e1n\u00edm &#8211; byla provedena v letech 2014 a 2015. N\u00e1sledn\u011b byla data laboratorn\u011b zpracov\u00e1na a statisticky vyhodnocena. Od roku 2015 do sou\u010dasnosti jsou publikov\u00e1ny kl\u00ed\u010dov\u00e9 publikace z v\u00fdstup\u016f projektu, p\u0159edev\u0161\u00edm v oborech ekologie lesa, dendrochronologie a kvality ovzdu\u0161\u00ed.<\/p>\n<p>Tento projekt podpo\u0159ila\u00a0<a title=\"GA CR\" href=\"https:\/\/www.gacr.cz\/\" target=\"_blank\" rel=\"noopener\">Grantov\u00e1 agentura \u010cesk\u00e9 republiky<\/a> (Reg. No. 14-12262S).<\/p>\n","protected":false},"excerpt":{"rendered":"<p>Dopady m\u011bn\u00edc\u00edch se r\u016fstov\u00fdch podm\u00ednek na p\u0159\u00edr\u016fst d\u0159evin, produkci porost\u016f a vitalitu &#8211; nebezpe\u010d\u00ed \u010di p\u0159\u00edle\u017eitost pro st\u0159edoevropsk\u00e9 lesnictv\u00ed? Projekt ACECZECHFOR se zab\u00fdval vlivem m\u011bn\u00edc\u00edho se r\u016fstov\u00e9ho prost\u0159ed\u00ed na produkci a vitalitu d\u0159evin rostouc\u00edch v lesn\u00edm prost\u0159ed\u00ed a mimo les. Projekt byl postaven na datech d\u0159evinn\u00e9 slo\u017eky a lesn\u00edch p\u016fd z pilotn\u00ed statistick\u00e9 inventarizace krajiny [&hellip;]<\/p>\n","protected":false},"author":1,"featured_media":0,"parent":0,"menu_order":0,"comment_status":"closed","ping_status":"closed","template":"","meta":[],"_links":{"self":[{"href":"https:\/\/aceczechfor.ifer.cz\/index.php?rest_route=\/wp\/v2\/pages\/11"}],"collection":[{"href":"https:\/\/aceczechfor.ifer.cz\/index.php?rest_route=\/wp\/v2\/pages"}],"about":[{"href":"https:\/\/aceczechfor.ifer.cz\/index.php?rest_route=\/wp\/v2\/types\/page"}],"author":[{"embeddable":true,"href":"https:\/\/aceczechfor.ifer.cz\/index.php?rest_route=\/wp\/v2\/users\/1"}],"replies":[{"embeddable":true,"href":"https:\/\/aceczechfor.ifer.cz\/index.php?rest_route=%2Fwp%2Fv2%2Fcomments&post=11"}],"version-history":[{"count":13,"href":"https:\/\/aceczechfor.ifer.cz\/index.php?rest_route=\/wp\/v2\/pages\/11\/revisions"}],"predecessor-version":[{"id":278,"href":"https:\/\/aceczechfor.ifer.cz\/index.php?rest_route=\/wp\/v2\/pages\/11\/revisions\/278"}],"wp:attachment":[{"href":"https:\/\/aceczechfor.ifer.cz\/index.php?rest_route=%2Fwp%2Fv2%2Fmedia&parent=11"}],"curies":[{"name":"wp","href":"https:\/\/api.w.org\/{rel}","templated":true}]}}