{"id":107,"date":"2017-01-16T10:02:23","date_gmt":"2017-01-16T10:02:23","guid":{"rendered":"https:\/\/aceczechfor.ifer.cz\/?page_id=107"},"modified":"2021-01-28T12:21:09","modified_gmt":"2021-01-28T12:21:09","slug":"koncept-projektu","status":"publish","type":"page","link":"https:\/\/aceczechfor.ifer.cz\/?page_id=107","title":{"rendered":"Koncept projektu"},"content":{"rendered":"<p>Koncept \u0159e\u0161en\u00ed projektu byl zalo\u017een na existuj\u00edc\u00ed infrastruktu\u0159e s\u00edt\u011b <em>Inventarizace krajiny CzechTerra<\/em> (CzechTerra, <a href=\"https:\/\/www.czechterra.cz\">www.czechterra.cz<\/a>) a \u00fadaj\u00edch o ploch\u00e1ch, stromov\u00e9m pat\u0159e a p\u016fd\u011b z \u0161et\u0159en\u00ed realizovan\u00e9ho v letech 2008-2009. V r\u00e1mci projektu bylo provedeno b\u011bhem let 2014-2015 opakovan\u00e9 \u0161et\u0159en\u00ed d\u0159evn\u00ed biomasy na t\u011bchto ploch\u00e1ch, dopln\u011bn\u00e9 o dendrochronologick\u00e9 \u0161et\u0159en\u00ed a izotopovou (d<sup>13<\/sup>C, d<sup>18<\/sup>O) anal\u00fdzu. To poskytlo informaci o aktu\u00e1ln\u00edm p\u0159\u00edr\u016fstu d\u0159evin a porostn\u00ed produkci pro recentn\u00ed \u0161estilet\u00e9 obdob\u00ed, zahrnuj\u00edc\u00ed v\u00fdznamn\u00e9 dopl\u0148uj\u00edc\u00ed informace ve vazb\u011b na vitalitu, p\u0159irozenou mortalitu a opat\u0159en\u00ed lesnick\u00e9ho managementu. Dendrochronologie a izotopov\u00e1 anal\u00fdza poskytla informaci o charakteristice r\u016fstu v ned\u00e1vn\u00e9 historii (n\u011bkolik dek\u00e1d a\u017e jedno stolet\u00ed) a \u00fadaje k vodn\u00edmu re\u017eimu a efektivit\u011b vyu\u017eit\u00ed vody. Projekt vyu\u017eil dostupn\u00e9 informace o klimatu a depozici dus\u00edku a s\u00edry, kter\u00e9 byly interpolov\u00e1ny pro \u00farove\u0148 jednotliv\u00fdch ploch s\u00edt\u011b <em>Inventarizace krajiny CzechTerra<\/em> pro recentn\u011b-historick\u00e9 obdob\u00ed (1930-2015). To umo\u017enilo detailn\u00ed korela\u010dn\u00ed a modelovou anal\u00fdzu sou\u010dasn\u00e9ho a recentn\u011b-historick\u00e9ho trendu r\u016fstu a kl\u00ed\u010dov\u00fdch faktor\u016f ovliv\u0148uj\u00edc\u00edch r\u016fst d\u0159evin a lesn\u00edch porost\u016f ve statistick\u00e9 s\u00edti krajiny \u010cesk\u00e9 republiky. Anal\u00fdza zohlednila vliv podm\u00ednek p\u016fdn\u00edho prost\u0159ed\u00ed (tj. p\u016fdn\u00ed C\/N, v\u00fdm\u011bnnou kationtovou kapacitu a aciditu, baz\u00e1ln\u00ed saturaci), v\u011bk a strukturu porost\u016f a nadmo\u0159skou v\u00fd\u0161ku. Tento koncept nab\u00edz\u00ed statisticky relevantn\u00ed interpretaci na \u00farovni republiky s ohledem na spektrum podm\u00ednek r\u016fstov\u00e9ho prost\u0159ed\u00ed.<\/p>\n<p><img decoding=\"async\" loading=\"lazy\" class=\"alignnone size-full wp-image-120\" src=\"https:\/\/aceczechfor.ifer.cz\/wp-content\/uploads\/2017\/01\/CzechTerra_figure.jpg\" alt=\"CzechTerra_figure\" width=\"931\" height=\"583\" srcset=\"https:\/\/aceczechfor.ifer.cz\/wp-content\/uploads\/2017\/01\/CzechTerra_figure.jpg 931w, https:\/\/aceczechfor.ifer.cz\/wp-content\/uploads\/2017\/01\/CzechTerra_figure-300x188.jpg 300w, https:\/\/aceczechfor.ifer.cz\/wp-content\/uploads\/2017\/01\/CzechTerra_figure-200x125.jpg 200w\" sizes=\"(max-width: 931px) 100vw, 931px\" \/><\/p>\n<p>Fig. 1: Koncept projektu a jeho\u00a0kl\u00ed\u010dov\u00e9\u00a0polo\u017eky (pouze v AJ)<\/p>\n","protected":false},"excerpt":{"rendered":"<p>Koncept \u0159e\u0161en\u00ed projektu byl zalo\u017een na existuj\u00edc\u00ed infrastruktu\u0159e s\u00edt\u011b Inventarizace krajiny CzechTerra (CzechTerra, www.czechterra.cz) a \u00fadaj\u00edch o ploch\u00e1ch, stromov\u00e9m pat\u0159e a p\u016fd\u011b z \u0161et\u0159en\u00ed realizovan\u00e9ho v letech 2008-2009. V r\u00e1mci projektu bylo provedeno b\u011bhem let 2014-2015 opakovan\u00e9 \u0161et\u0159en\u00ed d\u0159evn\u00ed biomasy na t\u011bchto ploch\u00e1ch, dopln\u011bn\u00e9 o dendrochronologick\u00e9 \u0161et\u0159en\u00ed a izotopovou (d13C, d18O) anal\u00fdzu. To poskytlo informaci [&hellip;]<\/p>\n","protected":false},"author":4,"featured_media":0,"parent":0,"menu_order":30,"comment_status":"closed","ping_status":"closed","template":"","meta":[],"_links":{"self":[{"href":"https:\/\/aceczechfor.ifer.cz\/index.php?rest_route=\/wp\/v2\/pages\/107"}],"collection":[{"href":"https:\/\/aceczechfor.ifer.cz\/index.php?rest_route=\/wp\/v2\/pages"}],"about":[{"href":"https:\/\/aceczechfor.ifer.cz\/index.php?rest_route=\/wp\/v2\/types\/page"}],"author":[{"embeddable":true,"href":"https:\/\/aceczechfor.ifer.cz\/index.php?rest_route=\/wp\/v2\/users\/4"}],"replies":[{"embeddable":true,"href":"https:\/\/aceczechfor.ifer.cz\/index.php?rest_route=%2Fwp%2Fv2%2Fcomments&post=107"}],"version-history":[{"count":8,"href":"https:\/\/aceczechfor.ifer.cz\/index.php?rest_route=\/wp\/v2\/pages\/107\/revisions"}],"predecessor-version":[{"id":277,"href":"https:\/\/aceczechfor.ifer.cz\/index.php?rest_route=\/wp\/v2\/pages\/107\/revisions\/277"}],"wp:attachment":[{"href":"https:\/\/aceczechfor.ifer.cz\/index.php?rest_route=%2Fwp%2Fv2%2Fmedia&parent=107"}],"curies":[{"name":"wp","href":"https:\/\/api.w.org\/{rel}","templated":true}]}}